{"id":24,"date":"2023-01-24T10:57:36","date_gmt":"2023-01-24T09:57:36","guid":{"rendered":"https:\/\/neu2023.joema-shop.de\/?page_id=24"},"modified":"2023-01-24T15:26:42","modified_gmt":"2023-01-24T14:26:42","slug":"kontakt","status":"publish","type":"page","link":"https:\/\/neu2023.joema-shop.de\/en\/kontakt\/","title":{"rendered":"Contact"},"content":{"rendered":"<p>[et_pb_section fb_built=&#8220;1&#8243; _builder_version=&#8220;4.19.4&#8243; _module_preset=&#8220;default&#8220; background_color=&#8220;#a3a3a3&#8243; custom_margin=&#8220;0px||0px||false|false&#8220; custom_padding=&#8220;0px||0px||false|false&#8220; hover_enabled=&#8220;0&#8243; global_colors_info=&#8220;{}&#8220; sticky_enabled=&#8220;0&#8243;][et_pb_row _builder_version=&#8220;4.19.4&#8243; _module_preset=&#8220;default&#8220; hover_enabled=&#8220;0&#8243; global_colors_info=&#8220;{}&#8220; custom_padding=&#8220;60px|0px|60px|0px|false|false&#8220; sticky_enabled=&#8220;0&#8243;][et_pb_column type=&#8220;4_4&#8243; _builder_version=&#8220;4.19.4&#8243; _module_preset=&#8220;default&#8220; global_colors_info=&#8220;{}&#8220;][et_pb_text _builder_version=&#8220;4.19.4&#8243; _module_preset=&#8220;default&#8220; text_text_color=&#8220;#000000&#8243; header_font=&#8220;Work Sans|700||on|||||&#8220; header_text_align=&#8220;center&#8220; header_text_color=&#8220;#000000&#8243; hover_enabled=&#8220;0&#8243; global_colors_info=&#8220;{}&#8220; sticky_enabled=&#8220;0&#8243;]<\/p>\n<h1>Contact<\/h1>\n<p>[\/et_pb_text][\/et_pb_column][\/et_pb_row][\/et_pb_section][et_pb_section fb_built=&#8220;1&#8243; _builder_version=&#8220;4.19.4&#8243; _module_preset=&#8220;default&#8220; global_colors_info=&#8220;{}&#8220;][et_pb_row column_structure=&#8220;1_3,1_3,1_3&#8243; _builder_version=&#8220;4.19.4&#8243; _module_preset=&#8220;default&#8220; max_width=&#8220;1000px&#8220; global_colors_info=&#8220;{}&#8220;][et_pb_column type=&#8220;1_3&#8243; _builder_version=&#8220;4.19.4&#8243; _module_preset=&#8220;default&#8220; global_colors_info=&#8220;{}&#8220;][et_pb_blurb title=&#8220;Adresse&#8220; use_icon=&#8220;on&#8220; font_icon=&#8220;&#xe081;||divi||400&#8243; icon_color=&#8220;#da171f&#8220; icon_placement=&#8220;left&#8220; _builder_version=&#8220;4.19.4&#8243; _module_preset=&#8220;default&#8220; header_font=&#8220;|700||on|||||&#8220; header_text_color=&#8220;#000000&#8243; body_text_color=&#8220;#000000&#8243; hover_enabled=&#8220;0&#8243; global_colors_info=&#8220;{}&#8220; sticky_enabled=&#8220;0&#8243;]<\/p>\n<p>Am Risisee 4<br \/>77855 Achern-Gamshurst<\/p>\n<p>[\/et_pb_blurb][\/et_pb_column][et_pb_column type=&#8220;1_3&#8243; _builder_version=&#8220;4.19.4&#8243; _module_preset=&#8220;default&#8220; global_colors_info=&#8220;{}&#8220;][et_pb_blurb title=&#8220;Rufen Sie uns an&#8220; use_icon=&#8220;on&#8220; font_icon=&#8220;&#xe090;||divi||400&#8243; icon_color=&#8220;#da171f&#8220; icon_placement=&#8220;left&#8220; _builder_version=&#8220;4.19.4&#8243; _module_preset=&#8220;default&#8220; header_font=&#8220;|700||on|||||&#8220; header_text_color=&#8220;#000000&#8243; body_text_color=&#8220;#000000&#8243; hover_enabled=&#8220;0&#8243; global_colors_info=&#8220;{}&#8220; sticky_enabled=&#8220;0&#8243;]<\/p>\n<p>+49 (0) 7841 640 690<\/p>\n<p>[\/et_pb_blurb][\/et_pb_column][et_pb_column type=&#8220;1_3&#8243; _builder_version=&#8220;4.19.4&#8243; _module_preset=&#8220;default&#8220; global_colors_info=&#8220;{}&#8220;][et_pb_blurb title=&#8220;Schreiben Sie uns&#8220; use_icon=&#8220;on&#8220; font_icon=&#8220;&#xe076;||divi||400&#8243; icon_color=&#8220;#da171f&#8220; icon_placement=&#8220;left&#8220; _builder_version=&#8220;4.19.4&#8243; _module_preset=&#8220;default&#8220; header_font=&#8220;|700||on|||||&#8220; header_text_color=&#8220;#000000&#8243; body_text_color=&#8220;#000000&#8243; hover_enabled=&#8220;0&#8243; global_colors_info=&#8220;{}&#8220; sticky_enabled=&#8220;0&#8243;]<\/p>\n<p>info@joema.de<\/p>\n<p>[\/et_pb_blurb][\/et_pb_column][\/et_pb_row][et_pb_row _builder_version=&#8220;4.19.4&#8243; _module_preset=&#8220;default&#8220; global_colors_info=&#8220;{}&#8220;][et_pb_column type=&#8220;4_4&#8243; _builder_version=&#8220;4.19.4&#8243; _module_preset=&#8220;default&#8220; global_colors_info=&#8220;{}&#8220;][et_pb_code _builder_version=&#8220;4.19.4&#8243; _module_preset=&#8220;default&#8220; global_colors_info=&#8220;{}&#8220;]<div class=\"wpforms-container wpforms-container-full\" id=\"wpforms-47\"><form id=\"wpforms-form-47\" class=\"wpforms-validate wpforms-form\" data-formid=\"47\" method=\"post\" enctype=\"multipart\/form-data\" action=\"\/en\/wp-json\/wp\/v2\/pages\/24\" data-token=\"9e7e2286a2ddf9e5d3aad361f7ac4e8a\" data-trp-original-action=\"\/en\/wp-json\/wp\/v2\/pages\/24\"><noscript class=\"wpforms-error-noscript\">Please enable JavaScript in your browser to complete this form.<\/noscript><div class=\"wpforms-field-container\"><div id=\"wpforms-47-field_4-container\" class=\"wpforms-field wpforms-field-text wpforms-one-half wpforms-first\" data-field-id=\"4\"><label class=\"wpforms-field-label\" for=\"wpforms-47-field_4\">Company<\/label><input type=\"text\" id=\"wpforms-47-field_4\" class=\"wpforms-field-large\" name=\"wpforms[fields][4]\" ><\/div><div id=\"wpforms-47-field_0-container\" class=\"wpforms-field wpforms-field-name wpforms-one-half\" data-field-id=\"0\"><label class=\"wpforms-field-label\" for=\"wpforms-47-field_0\">Name <span class=\"wpforms-required-label\">*<\/span><\/label><div class=\"wpforms-field-row wpforms-field-medium\"><div class=\"wpforms-field-row-block wpforms-first wpforms-one-half\"><input type=\"text\" id=\"wpforms-47-field_0\" class=\"wpforms-field-name-first wpforms-field-required\" name=\"wpforms[fields][0][first]\" required><label for=\"wpforms-47-field_0\" class=\"wpforms-field-sublabel after\">First<\/label><\/div><div class=\"wpforms-field-row-block wpforms-one-half\"><input type=\"text\" id=\"wpforms-47-field_0-last\" class=\"wpforms-field-name-last wpforms-field-required\" name=\"wpforms[fields][0][last]\" required><label for=\"wpforms-47-field_0-last\" class=\"wpforms-field-sublabel after\">Last<\/label><\/div><\/div><\/div><div id=\"wpforms-47-field_1-container\" class=\"wpforms-field wpforms-field-email wpforms-one-half wpforms-first\" data-field-id=\"1\"><label class=\"wpforms-field-label\" for=\"wpforms-47-field_1\">E-Mail <span class=\"wpforms-required-label\">*<\/span><\/label><input type=\"email\" id=\"wpforms-47-field_1\" class=\"wpforms-field-medium wpforms-field-required\" name=\"wpforms[fields][1]\" required><\/div><div id=\"wpforms-47-field_3-container\" class=\"wpforms-field wpforms-field-phone wpforms-one-half\" data-field-id=\"3\"><label class=\"wpforms-field-label\" for=\"wpforms-47-field_3\">Phone Number <span class=\"wpforms-required-label\">*<\/span><\/label><input type=\"tel\" id=\"wpforms-47-field_3\" class=\"wpforms-field-medium wpforms-field-required\" data-rule-int-phone-field=\"true\" name=\"wpforms[fields][3]\" required><\/div><div id=\"wpforms-47-field_2-container\" class=\"wpforms-field wpforms-field-textarea\" data-field-id=\"2\"><label class=\"wpforms-field-label\" for=\"wpforms-47-field_2\">Message <span class=\"wpforms-required-label\">*<\/span><\/label><textarea id=\"wpforms-47-field_2\" class=\"wpforms-field-medium wpforms-field-required\" name=\"wpforms[fields][2]\" required><\/textarea><\/div><div id=\"wpforms-47-field_5-container\" class=\"wpforms-field wpforms-field-checkbox\" data-field-id=\"5\"><label class=\"wpforms-field-label\" for=\"wpforms-47-field_5\">Privacy Policy <span class=\"wpforms-required-label\">*<\/span><\/label><ul id=\"wpforms-47-field_5\" class=\"wpforms-field-required\"><li class=\"choice-1 depth-1\"><input type=\"checkbox\" id=\"wpforms-47-field_5_1\" name=\"wpforms[fields][5][]\" value=\"Ich stimme zu, dass meine Angaben aus dem Kontaktformular zur Beantwortung meiner Anfrage erhoben und verarbeitet werden. Die Daten werden nach abgeschlossener Bearbeitung Ihrer Anfrage gel\u00f6scht. Hinweis: Sie k\u00f6nnen Ihre Einwilligung jederzeit f\u00fcr die Zukunft per E-Mail an info@joema.de widerrufen. Detaillierte Informationen zum Umgang mit Nutzerdaten finden Sie in unserer Datenschutzerkl\u00e4rung\" required><label class=\"wpforms-field-label-inline\" for=\"wpforms-47-field_5_1\">I agree that my details from the contact form will be collected and processed to answer my request. The data will be deleted after your request has been processed. Note: You can revoke your consent at any time for the future by sending an email to info@joema.de. Detailed information on handling user data can be found in our data protection declaration<\/label><\/li><\/ul><\/div><\/div><div class=\"wpforms-submit-container\" ><input type=\"hidden\" name=\"wpforms[id]\" value=\"47\"><input type=\"hidden\" name=\"wpforms[author]\" value=\"1\"><button type=\"submit\" name=\"wpforms[submit]\" class=\"wpforms-submit\" id=\"wpforms-submit-47\" value=\"wpforms-submit\" aria-live=\"assertive\" data-alt-text=\"Senden\u2026\" data-submit-text=\"Absenden\">Submit<\/button><\/div><input type=\"hidden\" name=\"trp-form-language\" value=\"en\"\/><\/form><\/div>  <!-- .wpforms-container -->[\/et_pb_code][\/et_pb_column][\/et_pb_row][et_pb_row _builder_version=&#8220;4.19.4&#8243; _module_preset=&#8220;default&#8220; global_colors_info=&#8220;{}&#8220;][et_pb_column type=&#8220;4_4&#8243; _builder_version=&#8220;4.19.4&#8243; _module_preset=&#8220;default&#8220; global_colors_info=&#8220;{}&#8220;][dipl_faq_page_schema title=&#8220;FAQ&#8220; number_of_column=&#8220;2&#8243; closed_toggle_icon=&#8220;&#xe050;||divi||400&#8243; closed_icon_color=&#8220;#da171f&#8220; open_toggle_icon=&#8220;&#xe04f;||divi||400&#8243; closed_toggle_bg_color=&#8220;#FFFFFF&#8220; _builder_version=&#8220;4.19.4&#8243; _module_preset=&#8220;default&#8220; faq_heading_level=&#8220;h1&#8243; faq_heading_font=&#8220;|700|||||||&#8220; faq_heading_text_align=&#8220;center&#8220; faq_heading_text_color=&#8220;#000000&#8243; hover_enabled=&#8220;0&#8243; border_width_all=&#8220;0px&#8220; border_width_bottom=&#8220;1px&#8220; border_color_bottom=&#8220;#000000&#8243; global_colors_info=&#8220;{}&#8220; custom_padding=&#8220;||||false|false&#8220; custom_margin=&#8220;||||false|false&#8220; sticky_enabled=&#8220;0&#8243;][dipl_faq_page_schema_item faq_question=&#8220;WIE SETZTEN SICH UNSERE PREISE ZUSAMMEN?&#8220; _builder_version=&#8220;4.19.4&#8243; _module_preset=&#8220;default&#8220; question_heading_font=&#8220;|700||on|||||&#8220; question_heading_text_color=&#8220;#000000&#8243; question_heading_font_size=&#8220;16px&#8220; answer_text_text_color=&#8220;#000000&#8243; hover_enabled=&#8220;0&#8243; global_colors_info=&#8220;{}&#8220; sticky_enabled=&#8220;0&#8243;]<\/p>\n<p><span>The prices advertised by us are net prices plus statutory VAT.<\/span><\/p>\n<p>[\/dipl_faq_page_schema_item][dipl_faq_page_schema_item faq_question=&#8220;WIE F\u00dcHRE ICH DIE BESTELLUNG DURCH?&#8220; _builder_version=&#8220;4.19.4&#8243; _module_preset=&#8220;default&#8220; question_heading_font=&#8220;|700||on|||||&#8220; question_heading_text_color=&#8220;#000000&#8243; question_heading_font_size=&#8220;16px&#8220; answer_text_text_color=&#8220;#000000&#8243; hover_enabled=&#8220;0&#8243; global_colors_info=&#8220;{}&#8220; sticky_enabled=&#8220;0&#8243;]<\/p>\n<p><span>For a successful order, just send us an email. We are happy to answer questions in writing or by telephone.<\/span><\/p>\n<p>[\/dipl_faq_page_schema_item][dipl_faq_page_schema_item faq_question=&#8220;WELCHE ZAHLUNGSM\u00d6GLICHKEITEN HABE ICH?&#8220; _builder_version=&#8220;4.19.4&#8243; _module_preset=&#8220;default&#8220; question_heading_font=&#8220;|700||on|||||&#8220; question_heading_text_color=&#8220;#000000&#8243; question_heading_font_size=&#8220;16px&#8220; answer_text_text_color=&#8220;#000000&#8243; hover_enabled=&#8220;0&#8243; global_colors_info=&#8220;{}&#8220; sticky_enabled=&#8220;0&#8243;]<\/p>\n<p><span>After a successful order, we give you time for the transfer. The necessary bank details can be found on the invoice.<\/span><\/p>\n<p>[\/dipl_faq_page_schema_item][dipl_faq_page_schema_item faq_question=&#8220;WIE VIEL KOSTET DER VERSAND?&#8220; _builder_version=&#8220;4.19.4&#8243; _module_preset=&#8220;default&#8220; question_heading_font=&#8220;|700||on|||||&#8220; question_heading_text_color=&#8220;#000000&#8243; question_heading_font_size=&#8220;16px&#8220; answer_text_text_color=&#8220;#000000&#8243; hover_enabled=&#8220;0&#8243; global_colors_info=&#8220;{}&#8220; sticky_enabled=&#8220;0&#8243;]<\/p>\n<p><span>Shipping costs vary with weight and recipient's location. The shipping is insured in any case, the costs are to be borne by the buyer.<\/span><\/p>\n<p>[\/dipl_faq_page_schema_item][dipl_faq_page_schema_item faq_question=&#8220;WIE LANGE DAUERT DIE LIEFERUNG?&#8220; _builder_version=&#8220;4.19.4&#8243; _module_preset=&#8220;default&#8220; question_heading_font=&#8220;|700||on|||||&#8220; question_heading_text_color=&#8220;#000000&#8243; question_heading_font_size=&#8220;16px&#8220; answer_text_text_color=&#8220;#000000&#8243; hover_enabled=&#8220;0&#8243; global_colors_info=&#8220;{}&#8220; sticky_enabled=&#8220;0&#8243;]<\/p>\n<p><span>The delivery time varies and depends on the distance and the choice of transport company.<\/span><\/p>\n<p>[\/dipl_faq_page_schema_item][dipl_faq_page_schema_item faq_question=&#8220;HABE ICH EIN R\u00dcCKGABERECHT?&#8220; _builder_version=&#8220;4.19.4&#8243; _module_preset=&#8220;default&#8220; question_heading_font=&#8220;|700||on|||||&#8220; question_heading_text_color=&#8220;#000000&#8243; question_heading_font_size=&#8220;16px&#8220; answer_text_text_color=&#8220;#000000&#8243; hover_enabled=&#8220;0&#8243; global_colors_info=&#8220;{}&#8220; sticky_enabled=&#8220;0&#8243;]<\/p>\n<p><span>We offer you a 14-day right of return on our spare parts and machines. Custom-made products are excluded from this.<\/span><\/p>\n<p>[\/dipl_faq_page_schema_item][\/dipl_faq_page_schema][\/et_pb_column][\/et_pb_row][\/et_pb_section]<\/p>","protected":false},"excerpt":{"rendered":"<p>KontaktAm Risisee 477855 Achern-Gamshurst+49 (0) 7841 640 690info@joema.de<div class=\"wpforms-container wpforms-container-full\" id=\"wpforms-47\"><form id=\"wpforms-form-47\" class=\"wpforms-validate wpforms-form\" data-formid=\"47\" method=\"post\" enctype=\"multipart\/form-data\" action=\"\/en\/wp-json\/wp\/v2\/pages\/24\" data-token=\"9e7e2286a2ddf9e5d3aad361f7ac4e8a\" data-trp-original-action=\"\/en\/wp-json\/wp\/v2\/pages\/24\"><noscript class=\"wpforms-error-noscript\">Please enable JavaScript in your browser to complete this form.<\/noscript><div class=\"wpforms-field-container\"><div id=\"wpforms-47-field_4-container\" class=\"wpforms-field wpforms-field-text wpforms-one-half wpforms-first\" data-field-id=\"4\"><label class=\"wpforms-field-label\" for=\"wpforms-47-field_4\">Company<\/label><input type=\"text\" id=\"wpforms-47-field_4\" class=\"wpforms-field-large\" name=\"wpforms[fields][4]\" ><\/div><div id=\"wpforms-47-field_0-container\" class=\"wpforms-field wpforms-field-name wpforms-one-half\" data-field-id=\"0\"><label class=\"wpforms-field-label\" for=\"wpforms-47-field_0\">Name <span class=\"wpforms-required-label\">*<\/span><\/label><div class=\"wpforms-field-row wpforms-field-medium\"><div class=\"wpforms-field-row-block wpforms-first wpforms-one-half\"><input type=\"text\" id=\"wpforms-47-field_0\" class=\"wpforms-field-name-first wpforms-field-required\" name=\"wpforms[fields][0][first]\" required><label for=\"wpforms-47-field_0\" class=\"wpforms-field-sublabel after\">First<\/label><\/div><div class=\"wpforms-field-row-block wpforms-one-half\"><input type=\"text\" id=\"wpforms-47-field_0-last\" class=\"wpforms-field-name-last wpforms-field-required\" name=\"wpforms[fields][0][last]\" required><label for=\"wpforms-47-field_0-last\" class=\"wpforms-field-sublabel after\">Last<\/label><\/div><\/div><\/div><div id=\"wpforms-47-field_1-container\" class=\"wpforms-field wpforms-field-email wpforms-one-half wpforms-first\" data-field-id=\"1\"><label class=\"wpforms-field-label\" for=\"wpforms-47-field_1\">E-Mail <span class=\"wpforms-required-label\">*<\/span><\/label><input type=\"email\" id=\"wpforms-47-field_1\" class=\"wpforms-field-medium wpforms-field-required\" name=\"wpforms[fields][1]\" required><\/div><div id=\"wpforms-47-field_3-container\" class=\"wpforms-field wpforms-field-phone wpforms-one-half\" data-field-id=\"3\"><label class=\"wpforms-field-label\" for=\"wpforms-47-field_3\">Phone Number <span class=\"wpforms-required-label\">*<\/span><\/label><input type=\"tel\" id=\"wpforms-47-field_3\" class=\"wpforms-field-medium wpforms-field-required\" data-rule-int-phone-field=\"true\" name=\"wpforms[fields][3]\" required><\/div><div id=\"wpforms-47-field_2-container\" class=\"wpforms-field wpforms-field-textarea\" data-field-id=\"2\"><label class=\"wpforms-field-label\" for=\"wpforms-47-field_2\">Message <span class=\"wpforms-required-label\">*<\/span><\/label><textarea id=\"wpforms-47-field_2\" class=\"wpforms-field-medium wpforms-field-required\" name=\"wpforms[fields][2]\" required><\/textarea><\/div><div id=\"wpforms-47-field_5-container\" class=\"wpforms-field wpforms-field-checkbox\" data-field-id=\"5\"><label class=\"wpforms-field-label\" for=\"wpforms-47-field_5\">Privacy Policy <span class=\"wpforms-required-label\">*<\/span><\/label><ul id=\"wpforms-47-field_5\" class=\"wpforms-field-required\"><li class=\"choice-1 depth-1\"><input type=\"checkbox\" id=\"wpforms-47-field_5_1\" name=\"wpforms[fields][5][]\" value=\"Ich stimme zu, dass meine Angaben aus dem Kontaktformular zur Beantwortung meiner Anfrage erhoben und verarbeitet werden. Die Daten werden nach abgeschlossener Bearbeitung Ihrer Anfrage gel\u00f6scht. Hinweis: Sie k\u00f6nnen Ihre Einwilligung jederzeit f\u00fcr die Zukunft per E-Mail an info@joema.de widerrufen. Detaillierte Informationen zum Umgang mit Nutzerdaten finden Sie in unserer Datenschutzerkl\u00e4rung\" required><label class=\"wpforms-field-label-inline\" for=\"wpforms-47-field_5_1\">I agree that my details from the contact form will be collected and processed to answer my request. The data will be deleted after your request has been processed. Note: You can revoke your consent at any time for the future by sending an email to info@joema.de. Detailed information on handling user data can be found in our data protection declaration<\/label><\/li><\/ul><\/div><\/div><div class=\"wpforms-submit-container\" ><input type=\"hidden\" name=\"wpforms[id]\" value=\"47\"><input type=\"hidden\" name=\"wpforms[author]\" value=\"1\"><button type=\"submit\" name=\"wpforms[submit]\" class=\"wpforms-submit\" id=\"wpforms-submit-47\" value=\"wpforms-submit\" aria-live=\"assertive\" data-alt-text=\"Senden\u2026\" data-submit-text=\"Absenden\">Submit<\/button><\/div><input type=\"hidden\" name=\"trp-form-language\" value=\"en\"\/><\/form><\/div>  <!-- .wpforms-container --><div class=\"et_pb_with_border et_pb_module dipl_faq_page_schema dipl_faq_page_schema_0\">\n\t\t\t\t<div class=\"dipl_faq_title\"><h1>FAQ<\/h1><\/div><div class=\"dipl_faq_wrapper dipl_faq_accordion dipl_faq_col_2\" itemscope itemtype=\"https:\/\/schema.org\/FAQPage\"><\/div>\n\t\t\t<\/div><div class=\"et_pb_module dipl_faq_page_schema_item dipl_faq_page_schema_item_0\">\n\t\t\t\t<div class=\"dipl_faq_item_wrapper\" itemscope itemprop=\"mainEntity\" itemtype=\"https:\/\/schema.org\/Question\">\n                <div class=\"dipl_question_wrapper\"><h4 itemprop=\"name\">HOW ARE OUR PRICES COMPOSED?<\/h4><\/div>\n                \n            <\/div>\n\t\t\t<\/div>Bei den von uns ausgeschriebenen Preisen handelt es sich um Nettopreise zzgl. [&hellip;]<\/p>","protected":false},"author":1,"featured_media":0,"parent":0,"menu_order":0,"comment_status":"closed","ping_status":"closed","template":"","meta":{"_et_pb_use_builder":"on","_et_pb_old_content":"","_et_gb_content_width":"","footnotes":""},"class_list":["post-24","page","type-page","status-publish","hentry"],"_links":{"self":[{"href":"https:\/\/neu2023.joema-shop.de\/en\/wp-json\/wp\/v2\/pages\/24","targetHints":{"allow":["GET"]}}],"collection":[{"href":"https:\/\/neu2023.joema-shop.de\/en\/wp-json\/wp\/v2\/pages"}],"about":[{"href":"https:\/\/neu2023.joema-shop.de\/en\/wp-json\/wp\/v2\/types\/page"}],"author":[{"embeddable":true,"href":"https:\/\/neu2023.joema-shop.de\/en\/wp-json\/wp\/v2\/users\/1"}],"replies":[{"embeddable":true,"href":"https:\/\/neu2023.joema-shop.de\/en\/wp-json\/wp\/v2\/comments?post=24"}],"version-history":[{"count":10,"href":"https:\/\/neu2023.joema-shop.de\/en\/wp-json\/wp\/v2\/pages\/24\/revisions"}],"predecessor-version":[{"id":83,"href":"https:\/\/neu2023.joema-shop.de\/en\/wp-json\/wp\/v2\/pages\/24\/revisions\/83"}],"wp:attachment":[{"href":"https:\/\/neu2023.joema-shop.de\/en\/wp-json\/wp\/v2\/media?parent=24"}],"curies":[{"name":"wp","href":"https:\/\/api.w.org\/{rel}","templated":true}]}}